{"id":507,"date":"2016-11-02T17:09:15","date_gmt":"2016-11-02T16:09:15","guid":{"rendered":"https:\/\/empreinte-formations.fr\/wp-25\/?page_id=507"},"modified":"2022-04-01T12:25:22","modified_gmt":"2022-04-01T10:25:22","slug":"qui-sommes-nous","status":"publish","type":"page","link":"https:\/\/empreinte-formations.fr\/wp-25\/qui-sommes-nous\/","title":{"rendered":"Qui sommes nous ?"},"content":{"rendered":"<h2><strong>Le site<\/strong><\/h2>\n<p>Le site <a href=\"https:\/\/empreinte-formations.fr\/wp-25\">relation-aide.com<\/a> a \u00e9t\u00e9 cr\u00e9\u00e9 en mai 2000 et il est le premier site professionnel de relation d\u2019aide chr\u00e9tienne en France.<\/p>\n<p>Il appartient et est \u00e9dit\u00e9 par Empreinte Formations (association loi 1901 \u2013 domicili\u00e9 au 556 Avenue du Puits Vieux, 30121 Mus, France).<\/p>\n<h2><strong>La relation d\u2019aide <\/strong><\/h2>\n<p>La relation d\u2019aide\u00a0cherche \u00e0 r\u00e9pondre \u00e0 divers besoins qu&rsquo;une personne peut rencontrer au cours de son existence. Besoin de se dire ou de poser une parole face \u00e0 une souffrance, de se comprendre ou de comprendre l&rsquo;autre. Besoin de soutien dans une p\u00e9riode difficile de sa vie, besoin d&rsquo;am\u00e9liorer sa qualit\u00e9 de vie relationnelle sur le plan personnel, familial ou professionnel.<\/p>\n<blockquote><p><em>\u00ab\u00a0La relation d&rsquo;aide chr\u00e9tienne vise \u00e0 donner une aide comp\u00e9tente dans les domaines psychologique et spirituel en vue de relations justes avec soi, les autres et Dieu.\u00a0\u00bb<\/em><br \/>\n<em> (D\u00e9finition de l&rsquo;ACC Europe, Association Europ\u00e9enne de Conseillers Chr\u00e9tiens en relation d&rsquo;aide)<\/em><\/p><\/blockquote>\n<h2><strong>Empreinte Formations <\/strong><\/h2>\n<p>L\u2019association Empreinte Formations, n\u00e9e en 2004 fait suite aux observations et constatations faites par ses initiateurs, en particulier Jacques Poujol et Cosette F\u00e9brissy et une \u00e9quipe de professionnels (psys, pasteurs, th\u00e9ologiens). Ces observations et constatations\u00a0ont mis en \u00e9vidence le d\u00e9calage qu\u2019il y a entre les attentes dans les domaines individuel, conjugal et familial des chr\u00e9tiens et les r\u00e9ponses le plus souvent apport\u00e9es par les communaut\u00e9s.<\/p>\n<h2><strong>Nos objectifs<\/strong><\/h2>\n<p>Empreinte Formations est une association protestante qui met au service des personnes et des associations son exp\u00e9rience dans le domaine de la formation \u00e0 l\u2019accompagnement de la personne en souffrance. Pour cela, l\u2019\u00e9quipe a \u00e9t\u00e9 amen\u00e9e \u00e0 \u00e9laborer un cursus de formation tant dans le domaine du spirituel que dans le domaine du psychologique. Une place est faite \u00e0 l\u2019interculturel.<\/p>\n<h2><strong>Nos actions<\/strong><\/h2>\n<p>Au fil des ans, le projet s\u2019est internationalis\u00e9 et\u00a0 s\u2019est \u00e9toff\u00e9. Actuellement nous proposons des supervisions individuelles ou de groupe et 5 niveaux de formation d\u2019aide\u00a0:<\/p>\n<ul>\n<li>Le d\u00e9veloppement personnel (1 ans)<\/li>\n<li>La formation \u00e0 la relation d\u2019aide (3 ans)<\/li>\n<li>La formation \u00e0 l\u2019aide des couples et de la famille (2 ans)<\/li>\n<li>Le Dipl\u00f4me d\u2019Etudes Sup\u00e9rieures en Relation d\u2019Aide Chr\u00e9tienne (formation compl\u00e8te, en 3 ou 4 ans)<\/li>\n<li>Le Certificat de formation continue (4 des 10 modules de la formation compl\u00e8te)<\/li>\n<\/ul>\n","protected":false},"excerpt":{"rendered":"<p>Le site Le site relation-aide.com a \u00e9t\u00e9 cr\u00e9\u00e9 en mai 2000 et il est le premier site professionnel de relation d\u2019aide chr\u00e9tienne en France. Il appartient et est \u00e9dit\u00e9 par Empreinte Formations (association loi 1901 \u2013 domicili\u00e9 au 556 Avenue du Puits Vieux, 30121 Mus, France). La relation d\u2019aide La relation d\u2019aide\u00a0cherche \u00e0 r\u00e9pondre \u00e0 [&hellip;]<\/p>\n","protected":false},"author":2,"featured_media":0,"parent":0,"menu_order":0,"comment_status":"closed","ping_status":"closed","template":"","meta":{"footnotes":""},"class_list":["post-507","page","type-page","status-publish","hentry"],"_links":{"self":[{"href":"https:\/\/empreinte-formations.fr\/wp-25\/wp-json\/wp\/v2\/pages\/507","targetHints":{"allow":["GET"]}}],"collection":[{"href":"https:\/\/empreinte-formations.fr\/wp-25\/wp-json\/wp\/v2\/pages"}],"about":[{"href":"https:\/\/empreinte-formations.fr\/wp-25\/wp-json\/wp\/v2\/types\/page"}],"author":[{"embeddable":true,"href":"https:\/\/empreinte-formations.fr\/wp-25\/wp-json\/wp\/v2\/users\/2"}],"replies":[{"embeddable":true,"href":"https:\/\/empreinte-formations.fr\/wp-25\/wp-json\/wp\/v2\/comments?post=507"}],"version-history":[{"count":7,"href":"https:\/\/empreinte-formations.fr\/wp-25\/wp-json\/wp\/v2\/pages\/507\/revisions"}],"predecessor-version":[{"id":3191,"href":"https:\/\/empreinte-formations.fr\/wp-25\/wp-json\/wp\/v2\/pages\/507\/revisions\/3191"}],"wp:attachment":[{"href":"https:\/\/empreinte-formations.fr\/wp-25\/wp-json\/wp\/v2\/media?parent=507"}],"curies":[{"name":"wp","href":"https:\/\/api.w.org\/{rel}","templated":true}]}}